{"id":21,"date":"2024-06-11T17:15:20","date_gmt":"2024-06-11T16:15:20","guid":{"rendered":"https:\/\/switchinvirtual.com\/?page_id=21"},"modified":"2024-08-27T17:11:13","modified_gmt":"2024-08-27T16:11:13","slug":"partners","status":"publish","type":"page","link":"https:\/\/switchinvirtual.com\/index.php\/partners\/","title":{"rendered":"Partners"},"content":{"rendered":"\t\t<div data-elementor-type=\"wp-page\" data-elementor-id=\"21\" class=\"elementor elementor-21\">\n\t\t\t\t<div class=\"elementor-element elementor-element-ae46a22 e-con-full e-flex e-con e-parent\" data-id=\"ae46a22\" data-element_type=\"container\">\n\t\t\t\t<div class=\"elementor-element elementor-element-f75cf7d elementor-widget__width-initial elementor-view-default elementor-invisible elementor-widget elementor-widget-icon\" data-id=\"f75cf7d\" data-element_type=\"widget\" data-settings=\"{&quot;_animation&quot;:&quot;fadeInLeft&quot;}\" data-widget_type=\"icon.default\">\n\t\t\t\t<div class=\"elementor-widget-container\">\n\t\t\t\t\t<div class=\"elementor-icon-wrapper\">\n\t\t\t<div class=\"elementor-icon\">\n\t\t\t<svg aria-hidden=\"true\" class=\"e-font-icon-svg e-fas-angle-double-right\" viewBox=\"0 0 448 512\" xmlns=\"http:\/\/www.w3.org\/2000\/svg\"><path d=\"M224.3 273l-136 136c-9.4 9.4-24.6 9.4-33.9 0l-22.6-22.6c-9.4-9.4-9.4-24.6 0-33.9l96.4-96.4-96.4-96.4c-9.4-9.4-9.4-24.6 0-33.9L54.3 103c9.4-9.4 24.6-9.4 33.9 0l136 136c9.5 9.4 9.5 24.6.1 34zm192-34l-136-136c-9.4-9.4-24.6-9.4-33.9 0l-22.6 22.6c-9.4 9.4-9.4 24.6 0 33.9l96.4 96.4-96.4 96.4c-9.4 9.4-9.4 24.6 0 33.9l22.6 22.6c9.4 9.4 24.6 9.4 33.9 0l136-136c9.4-9.2 9.4-24.4 0-33.8z\"><\/path><\/svg>\t\t\t<\/div>\n\t\t<\/div>\n\t\t\t\t<\/div>\n\t\t\t\t<\/div>\n\t\t\t\t<div class=\"elementor-element elementor-element-88a81fa elementor-widget__width-initial elementor-invisible elementor-widget elementor-widget-text-editor\" data-id=\"88a81fa\" data-element_type=\"widget\" data-settings=\"{&quot;_animation&quot;:&quot;fadeInDown&quot;}\" data-widget_type=\"text-editor.default\">\n\t\t\t\t<div class=\"elementor-widget-container\">\n\t\t\t<style>\/*! elementor - v3.21.0 - 26-05-2024 *\/\n.elementor-widget-text-editor.elementor-drop-cap-view-stacked .elementor-drop-cap{background-color:#69727d;color:#fff}.elementor-widget-text-editor.elementor-drop-cap-view-framed .elementor-drop-cap{color:#69727d;border:3px solid;background-color:transparent}.elementor-widget-text-editor:not(.elementor-drop-cap-view-default) .elementor-drop-cap{margin-top:8px}.elementor-widget-text-editor:not(.elementor-drop-cap-view-default) .elementor-drop-cap-letter{width:1em;height:1em}.elementor-widget-text-editor .elementor-drop-cap{float:left;text-align:center;line-height:1;font-size:50px}.elementor-widget-text-editor .elementor-drop-cap-letter{display:inline-block}<\/style>\t\t\t\t<p>PARTNERS<\/p>\t\t\t\t\t\t<\/div>\n\t\t\t\t<\/div>\n\t\t\t\t<div class=\"elementor-element elementor-element-8109c88 elementor-widget__width-initial elementor-view-default elementor-invisible elementor-widget elementor-widget-icon\" data-id=\"8109c88\" data-element_type=\"widget\" data-settings=\"{&quot;_animation&quot;:&quot;fadeInRight&quot;}\" data-widget_type=\"icon.default\">\n\t\t\t\t<div class=\"elementor-widget-container\">\n\t\t\t\t\t<div class=\"elementor-icon-wrapper\">\n\t\t\t<div class=\"elementor-icon\">\n\t\t\t<svg aria-hidden=\"true\" class=\"e-font-icon-svg e-fas-users\" viewBox=\"0 0 640 512\" xmlns=\"http:\/\/www.w3.org\/2000\/svg\"><path d=\"M96 224c35.3 0 64-28.7 64-64s-28.7-64-64-64-64 28.7-64 64 28.7 64 64 64zm448 0c35.3 0 64-28.7 64-64s-28.7-64-64-64-64 28.7-64 64 28.7 64 64 64zm32 32h-64c-17.6 0-33.5 7.1-45.1 18.6 40.3 22.1 68.9 62 75.1 109.4h66c17.7 0 32-14.3 32-32v-32c0-35.3-28.7-64-64-64zm-256 0c61.9 0 112-50.1 112-112S381.9 32 320 32 208 82.1 208 144s50.1 112 112 112zm76.8 32h-8.3c-20.8 10-43.9 16-68.5 16s-47.6-6-68.5-16h-8.3C179.6 288 128 339.6 128 403.2V432c0 26.5 21.5 48 48 48h288c26.5 0 48-21.5 48-48v-28.8c0-63.6-51.6-115.2-115.2-115.2zm-223.7-13.4C161.5 263.1 145.6 256 128 256H64c-35.3 0-64 28.7-64 64v32c0 17.7 14.3 32 32 32h65.9c6.3-47.4 34.9-87.3 75.2-109.4z\"><\/path><\/svg>\t\t\t<\/div>\n\t\t<\/div>\n\t\t\t\t<\/div>\n\t\t\t\t<\/div>\n\t\t\t\t<\/div>\n\t\t<div class=\"elementor-element elementor-element-cf538ed e-flex e-con-boxed e-con e-parent\" data-id=\"cf538ed\" data-element_type=\"container\">\n\t\t\t\t\t<div class=\"e-con-inner\">\n\t\t\t\t<div class=\"elementor-element elementor-element-80ed02a elementor-invisible elementor-widget elementor-widget-heading\" data-id=\"80ed02a\" data-element_type=\"widget\" data-settings=\"{&quot;_animation&quot;:&quot;fadeInDown&quot;}\" data-widget_type=\"heading.default\">\n\t\t\t\t<div class=\"elementor-widget-container\">\n\t\t\t<style>\/*! elementor - v3.21.0 - 26-05-2024 *\/\n.elementor-heading-title{padding:0;margin:0;line-height:1}.elementor-widget-heading .elementor-heading-title[class*=elementor-size-]>a{color:inherit;font-size:inherit;line-height:inherit}.elementor-widget-heading .elementor-heading-title.elementor-size-small{font-size:15px}.elementor-widget-heading .elementor-heading-title.elementor-size-medium{font-size:19px}.elementor-widget-heading .elementor-heading-title.elementor-size-large{font-size:29px}.elementor-widget-heading .elementor-heading-title.elementor-size-xl{font-size:39px}.elementor-widget-heading .elementor-heading-title.elementor-size-xxl{font-size:59px}<\/style><h2 class=\"elementor-heading-title elementor-size-default\">Partner Organizations<\/h2>\t\t<\/div>\n\t\t\t\t<\/div>\n\t\t\t\t\t<\/div>\n\t\t\t\t<\/div>\n\t\t<div class=\"elementor-element elementor-element-7c99b43 e-con-full e-flex e-con e-parent\" data-id=\"7c99b43\" data-element_type=\"container\">\n\t\t<div class=\"elementor-element elementor-element-09edbfd e-con-full e-flex e-con e-child\" data-id=\"09edbfd\" data-element_type=\"container\">\n\t\t\t\t<div class=\"elementor-element elementor-element-b9c1af4 animated-slow elementor-invisible elementor-widget elementor-widget-image\" data-id=\"b9c1af4\" data-element_type=\"widget\" data-settings=\"{&quot;_animation&quot;:&quot;fadeInUp&quot;}\" data-widget_type=\"image.default\">\n\t\t\t\t<div class=\"elementor-widget-container\">\n\t\t\t<style>\/*! elementor - v3.21.0 - 26-05-2024 *\/\n.elementor-widget-image{text-align:center}.elementor-widget-image a{display:inline-block}.elementor-widget-image a img[src$=\".svg\"]{width:48px}.elementor-widget-image img{vertical-align:middle;display:inline-block}<\/style>\t\t\t\t\t\t\t\t\t\t\t<a href=\"https:\/\/uatlantica.pt\/\">\n\t\t\t\t\t\t\t<img decoding=\"async\" width=\"451\" height=\"100\" src=\"https:\/\/switchinvirtual.com\/wp-content\/uploads\/2024\/06\/logo-utlantica.png\" class=\"attachment-large size-large wp-image-100\" alt=\"Logo Utlantica\" srcset=\"https:\/\/switchinvirtual.com\/wp-content\/uploads\/2024\/06\/logo-utlantica.png 451w, https:\/\/switchinvirtual.com\/wp-content\/uploads\/2024\/06\/logo-utlantica-300x67.png 300w\" sizes=\"(max-width: 451px) 100vw, 451px\" \/>\t\t\t\t\t\t\t\t<\/a>\n\t\t\t\t\t\t\t\t\t\t\t\t\t<\/div>\n\t\t\t\t<\/div>\n\t\t\t\t<div class=\"elementor-element elementor-element-9bfc0fa elementor-invisible elementor-widget elementor-widget-heading\" data-id=\"9bfc0fa\" data-element_type=\"widget\" data-settings=\"{&quot;_animation&quot;:&quot;fadeInUp&quot;}\" data-widget_type=\"heading.default\">\n\t\t\t\t<div class=\"elementor-widget-container\">\n\t\t\t<h2 class=\"elementor-heading-title elementor-size-default\">Atl\u00e2ntica Instituto Universit\u00e1rio <\/h2>\t\t<\/div>\n\t\t\t\t<\/div>\n\t\t\t\t<div class=\"elementor-element elementor-element-83f784e elementor-invisible elementor-widget elementor-widget-heading\" data-id=\"83f784e\" data-element_type=\"widget\" data-settings=\"{&quot;_animation&quot;:&quot;fadeInUp&quot;}\" data-widget_type=\"heading.default\">\n\t\t\t\t<div class=\"elementor-widget-container\">\n\t\t\t<h2 class=\"elementor-heading-title elementor-size-default\">(<strong>EIA \u2013 Ensino e Investiga\u00e7\u00e3o e Administra\u00e7\u00e3o, S.A.<\/strong>) <\/h2>\t\t<\/div>\n\t\t\t\t<\/div>\n\t\t\t\t<div class=\"elementor-element elementor-element-86e4418 animated-slow elementor-invisible elementor-widget elementor-widget-text-editor\" data-id=\"86e4418\" data-element_type=\"widget\" data-settings=\"{&quot;_animation&quot;:&quot;fadeInUp&quot;}\" data-widget_type=\"text-editor.default\">\n\t\t\t\t<div class=\"elementor-widget-container\">\n\t\t\t\t\t\t\t<p>Is a private higher education institution in Oeiras, Portugal, providing a range of academic programs and research opportunities. The institution emphasizes quality education in fields like engineering, management, health sciences, and technology.<\/p>\t\t\t\t\t\t<\/div>\n\t\t\t\t<\/div>\n\t\t\t\t<\/div>\n\t\t<div class=\"elementor-element elementor-element-f2a0a10 e-con-full e-flex e-con e-child\" data-id=\"f2a0a10\" data-element_type=\"container\">\n\t\t\t\t<div class=\"elementor-element elementor-element-aa7eddb animated-slow elementor-invisible elementor-widget elementor-widget-image\" data-id=\"aa7eddb\" data-element_type=\"widget\" data-settings=\"{&quot;_animation&quot;:&quot;fadeInUp&quot;}\" data-widget_type=\"image.default\">\n\t\t\t\t<div class=\"elementor-widget-container\">\n\t\t\t\t\t\t\t\t\t\t\t\t\t\t<a href=\"https:\/\/integracoruna.com\/\">\n\t\t\t\t\t\t\t<img fetchpriority=\"high\" decoding=\"async\" width=\"402\" height=\"160\" src=\"https:\/\/switchinvirtual.com\/wp-content\/uploads\/2024\/06\/Integra-logo.jpeg\" class=\"attachment-large size-large wp-image-105\" alt=\"Integra Logo\" srcset=\"https:\/\/switchinvirtual.com\/wp-content\/uploads\/2024\/06\/Integra-logo.jpeg 402w, https:\/\/switchinvirtual.com\/wp-content\/uploads\/2024\/06\/Integra-logo-300x119.jpeg 300w\" sizes=\"(max-width: 402px) 100vw, 402px\" \/>\t\t\t\t\t\t\t\t<\/a>\n\t\t\t\t\t\t\t\t\t\t\t\t\t<\/div>\n\t\t\t\t<\/div>\n\t\t\t\t<div class=\"elementor-element elementor-element-63fa3e2 elementor-invisible elementor-widget elementor-widget-heading\" data-id=\"63fa3e2\" data-element_type=\"widget\" data-settings=\"{&quot;_animation&quot;:&quot;fadeInUp&quot;}\" data-widget_type=\"heading.default\">\n\t\t\t\t<div class=\"elementor-widget-container\">\n\t\t\t<h2 class=\"elementor-heading-title elementor-size-default\">Integra Asociaci\u00f3n Cultural<\/h2>\t\t<\/div>\n\t\t\t\t<\/div>\n\t\t\t\t<div class=\"elementor-element elementor-element-2bde21f animated-slow elementor-invisible elementor-widget elementor-widget-text-editor\" data-id=\"2bde21f\" data-element_type=\"widget\" data-settings=\"{&quot;_animation&quot;:&quot;fadeInUp&quot;}\" data-widget_type=\"text-editor.default\">\n\t\t\t\t<div class=\"elementor-widget-container\">\n\t\t\t\t\t\t\t<p>The Integra Cultural Association was founded in 2004 in A Coru\u00f1a as an initiative by young people with experience in the field of social inclusion and European cooperation.<\/p>\t\t\t\t\t\t<\/div>\n\t\t\t\t<\/div>\n\t\t\t\t<\/div>\n\t\t<div class=\"elementor-element elementor-element-9650ac7 e-con-full e-flex e-con e-child\" data-id=\"9650ac7\" data-element_type=\"container\">\n\t\t\t\t<div class=\"elementor-element elementor-element-47857fb animated-slow elementor-invisible elementor-widget elementor-widget-image\" data-id=\"47857fb\" data-element_type=\"widget\" data-settings=\"{&quot;_animation&quot;:&quot;fadeInUp&quot;}\" data-widget_type=\"image.default\">\n\t\t\t\t<div class=\"elementor-widget-container\">\n\t\t\t\t\t\t\t\t\t\t\t\t\t\t<a href=\"https:\/\/www.beder.edu.al\/\">\n\t\t\t\t\t\t\t<img decoding=\"async\" width=\"1024\" height=\"293\" src=\"https:\/\/switchinvirtual.com\/wp-content\/uploads\/2024\/06\/logo-beder-1-1024x293.png\" class=\"attachment-large size-large wp-image-277\" alt=\"Logo Beder 1\" srcset=\"https:\/\/switchinvirtual.com\/wp-content\/uploads\/2024\/06\/logo-beder-1-1024x293.png 1024w, https:\/\/switchinvirtual.com\/wp-content\/uploads\/2024\/06\/logo-beder-1-300x86.png 300w, https:\/\/switchinvirtual.com\/wp-content\/uploads\/2024\/06\/logo-beder-1-768x220.png 768w, https:\/\/switchinvirtual.com\/wp-content\/uploads\/2024\/06\/logo-beder-1-1536x439.png 1536w, https:\/\/switchinvirtual.com\/wp-content\/uploads\/2024\/06\/logo-beder-1.png 2045w\" sizes=\"(max-width: 1024px) 100vw, 1024px\" \/>\t\t\t\t\t\t\t\t<\/a>\n\t\t\t\t\t\t\t\t\t\t\t\t\t<\/div>\n\t\t\t\t<\/div>\n\t\t\t\t<div class=\"elementor-element elementor-element-ed7f7e7 elementor-invisible elementor-widget elementor-widget-heading\" data-id=\"ed7f7e7\" data-element_type=\"widget\" data-settings=\"{&quot;_animation&quot;:&quot;fadeInUp&quot;}\" data-widget_type=\"heading.default\">\n\t\t\t\t<div class=\"elementor-widget-container\">\n\t\t\t<h2 class=\"elementor-heading-title elementor-size-default\">\n\n\nUniversity College Beder<\/h2>\t\t<\/div>\n\t\t\t\t<\/div>\n\t\t\t\t<div class=\"elementor-element elementor-element-9dc1706 animated-slow elementor-invisible elementor-widget elementor-widget-text-editor\" data-id=\"9dc1706\" data-element_type=\"widget\" data-settings=\"{&quot;_animation&quot;:&quot;fadeInUp&quot;}\" data-widget_type=\"text-editor.default\">\n\t\t\t\t<div class=\"elementor-widget-container\">\n\t\t\t\t\t\t\t<div class=\"flex-shrink-0 flex flex-col relative items-end\"><div><div class=\"pt-0.5 juice:pt-0\"><div class=\"gizmo-bot-avatar flex h-6 w-6 items-center justify-center overflow-hidden rounded-full juice:h-8 juice:w-8\"><div class=\"relative p-1 rounded-sm flex items-center justify-center bg-token-main-surface-primary text-token-text-primary h-8 w-8\"><span style=\"font-size: 16px;\">Is a private institution located in Tirana, Albania. Established in 2011, it focuses on integrating academic excellence with ethical values and aims to foster well-rounded development in its students.<\/span><\/div><\/div><\/div><\/div><\/div>\t\t\t\t\t\t<\/div>\n\t\t\t\t<\/div>\n\t\t\t\t<\/div>\n\t\t<div class=\"elementor-element elementor-element-97ca7e6 e-con-full e-flex e-con e-child\" data-id=\"97ca7e6\" data-element_type=\"container\">\n\t\t\t\t<div class=\"elementor-element elementor-element-8a463bd animated-slow elementor-invisible elementor-widget elementor-widget-image\" data-id=\"8a463bd\" data-element_type=\"widget\" data-settings=\"{&quot;_animation&quot;:&quot;fadeInUp&quot;}\" data-widget_type=\"image.default\">\n\t\t\t\t<div class=\"elementor-widget-container\">\n\t\t\t\t\t\t\t\t\t\t\t\t\t<img loading=\"lazy\" decoding=\"async\" width=\"1024\" height=\"638\" src=\"https:\/\/switchinvirtual.com\/wp-content\/uploads\/2024\/06\/Integritet-high-resolution-logo-transparent-1024x638.png\" class=\"attachment-large size-large wp-image-117\" alt=\"Integritet High Resolution Logo Transparent\" srcset=\"https:\/\/switchinvirtual.com\/wp-content\/uploads\/2024\/06\/Integritet-high-resolution-logo-transparent-1024x638.png 1024w, https:\/\/switchinvirtual.com\/wp-content\/uploads\/2024\/06\/Integritet-high-resolution-logo-transparent-300x187.png 300w, https:\/\/switchinvirtual.com\/wp-content\/uploads\/2024\/06\/Integritet-high-resolution-logo-transparent-768x479.png 768w, https:\/\/switchinvirtual.com\/wp-content\/uploads\/2024\/06\/Integritet-high-resolution-logo-transparent-1536x958.png 1536w, https:\/\/switchinvirtual.com\/wp-content\/uploads\/2024\/06\/Integritet-high-resolution-logo-transparent.png 2000w\" sizes=\"(max-width: 1024px) 100vw, 1024px\" \/>\t\t\t\t\t\t\t\t\t\t\t\t\t<\/div>\n\t\t\t\t<\/div>\n\t\t\t\t<div class=\"elementor-element elementor-element-5b9f77d elementor-invisible elementor-widget elementor-widget-heading\" data-id=\"5b9f77d\" data-element_type=\"widget\" data-settings=\"{&quot;_animation&quot;:&quot;fadeInUp&quot;}\" data-widget_type=\"heading.default\">\n\t\t\t\t<div class=\"elementor-widget-container\">\n\t\t\t<h2 class=\"elementor-heading-title elementor-size-default\">NVO Integritet<\/h2>\t\t<\/div>\n\t\t\t\t<\/div>\n\t\t\t\t<div class=\"elementor-element elementor-element-fe50c98 animated-slow elementor-invisible elementor-widget elementor-widget-text-editor\" data-id=\"fe50c98\" data-element_type=\"widget\" data-settings=\"{&quot;_animation&quot;:&quot;fadeInUp&quot;}\" data-widget_type=\"text-editor.default\">\n\t\t\t\t<div class=\"elementor-widget-container\">\n\t\t\t\t\t\t\t<p>NVO Integritet is a non-governmental organization dedicated to promoting human rights, integrity, and community engagement in Montenegro. The organization focuses on fostering social responsibility, supporting vulnerable groups, and encouraging youth participation in civic life.<\/p>\t\t\t\t\t\t<\/div>\n\t\t\t\t<\/div>\n\t\t\t\t<\/div>\n\t\t<div class=\"elementor-element elementor-element-b2ec74e e-con-full e-flex e-con e-child\" data-id=\"b2ec74e\" data-element_type=\"container\">\n\t\t\t\t<div class=\"elementor-element elementor-element-ad9eec8 animated-slow elementor-invisible elementor-widget elementor-widget-image\" data-id=\"ad9eec8\" data-element_type=\"widget\" data-settings=\"{&quot;_animation&quot;:&quot;fadeInUp&quot;}\" data-widget_type=\"image.default\">\n\t\t\t\t<div class=\"elementor-widget-container\">\n\t\t\t\t\t\t\t\t\t\t\t\t\t\t<a href=\"https:\/\/stichting-yeuth.com\/\">\n\t\t\t\t\t\t\t<img loading=\"lazy\" decoding=\"async\" width=\"1024\" height=\"401\" src=\"https:\/\/switchinvirtual.com\/wp-content\/uploads\/2024\/06\/yEUth-logo-1024x401.png\" class=\"attachment-large size-large wp-image-118\" alt=\"Yeuth Logo\" srcset=\"https:\/\/switchinvirtual.com\/wp-content\/uploads\/2024\/06\/yEUth-logo-1024x401.png 1024w, https:\/\/switchinvirtual.com\/wp-content\/uploads\/2024\/06\/yEUth-logo-300x117.png 300w, https:\/\/switchinvirtual.com\/wp-content\/uploads\/2024\/06\/yEUth-logo-768x301.png 768w, https:\/\/switchinvirtual.com\/wp-content\/uploads\/2024\/06\/yEUth-logo.png 1471w\" sizes=\"(max-width: 1024px) 100vw, 1024px\" \/>\t\t\t\t\t\t\t\t<\/a>\n\t\t\t\t\t\t\t\t\t\t\t\t\t<\/div>\n\t\t\t\t<\/div>\n\t\t\t\t<div class=\"elementor-element elementor-element-db933af elementor-invisible elementor-widget elementor-widget-heading\" data-id=\"db933af\" data-element_type=\"widget\" data-settings=\"{&quot;_animation&quot;:&quot;fadeInUp&quot;}\" data-widget_type=\"heading.default\">\n\t\t\t\t<div class=\"elementor-widget-container\">\n\t\t\t<h2 class=\"elementor-heading-title elementor-size-default\">Stichting yEUth<\/h2>\t\t<\/div>\n\t\t\t\t<\/div>\n\t\t\t\t<div class=\"elementor-element elementor-element-e47a719 animated-slow elementor-invisible elementor-widget elementor-widget-text-editor\" data-id=\"e47a719\" data-element_type=\"widget\" data-settings=\"{&quot;_animation&quot;:&quot;fadeInUp&quot;}\" data-widget_type=\"text-editor.default\">\n\t\t\t\t<div class=\"elementor-widget-container\">\n\t\t\t\t\t\t\t<p>Stichting yEUth is a dynamic organization based in the Netherlands that actively engages in youth empowerment and education through diverse international projects. The organization is dedicated to enhancing youth participation in community and international activities.<\/p>\t\t\t\t\t\t<\/div>\n\t\t\t\t<\/div>\n\t\t\t\t<\/div>\n\t\t<div class=\"elementor-element elementor-element-24307e0 e-con-full e-flex e-con e-child\" data-id=\"24307e0\" data-element_type=\"container\">\n\t\t\t\t<div class=\"elementor-element elementor-element-dc75bbc animated-slow elementor-invisible elementor-widget elementor-widget-image\" data-id=\"dc75bbc\" data-element_type=\"widget\" data-settings=\"{&quot;_animation&quot;:&quot;fadeInUp&quot;}\" data-widget_type=\"image.default\">\n\t\t\t\t<div class=\"elementor-widget-container\">\n\t\t\t\t\t\t\t\t\t\t\t\t\t<img loading=\"lazy\" decoding=\"async\" width=\"682\" height=\"664\" src=\"https:\/\/switchinvirtual.com\/wp-content\/uploads\/2024\/06\/ecsa-logo-kws.png\" class=\"attachment-large size-large wp-image-128\" alt=\"Ecsa Logo Kws\" srcset=\"https:\/\/switchinvirtual.com\/wp-content\/uploads\/2024\/06\/ecsa-logo-kws.png 682w, https:\/\/switchinvirtual.com\/wp-content\/uploads\/2024\/06\/ecsa-logo-kws-300x292.png 300w\" sizes=\"(max-width: 682px) 100vw, 682px\" \/>\t\t\t\t\t\t\t\t\t\t\t\t\t<\/div>\n\t\t\t\t<\/div>\n\t\t\t\t<div class=\"elementor-element elementor-element-b0227d3 elementor-invisible elementor-widget elementor-widget-heading\" data-id=\"b0227d3\" data-element_type=\"widget\" data-settings=\"{&quot;_animation&quot;:&quot;fadeInUp&quot;}\" data-widget_type=\"heading.default\">\n\t\t\t\t<div class=\"elementor-widget-container\">\n\t\t\t<h2 class=\"elementor-heading-title elementor-size-default\">ECSA Kosova<\/h2>\t\t<\/div>\n\t\t\t\t<\/div>\n\t\t\t\t<div class=\"elementor-element elementor-element-3e92721 animated-slow elementor-invisible elementor-widget elementor-widget-text-editor\" data-id=\"3e92721\" data-element_type=\"widget\" data-settings=\"{&quot;_animation&quot;:&quot;fadeInUp&quot;}\" data-widget_type=\"text-editor.default\">\n\t\t\t\t<div class=\"elementor-widget-container\">\n\t\t\t\t\t\t\t<p>ECSA Kosova aims to foster European integration through academic and policy-oriented research, education, and dialogue. The organization focuses on enhancing the understanding of European Union (EU) policies and promoting cooperation between Kosovo and EU institutions.<\/p>\t\t\t\t\t\t<\/div>\n\t\t\t\t<\/div>\n\t\t\t\t<\/div>\n\t\t\t\t<\/div>\n\t\t\t\t<\/div>\n\t\t","protected":false},"excerpt":{"rendered":"<p>PARTNERS Partner Organizations Atl\u00e2ntica Instituto Universit\u00e1rio (EIA \u2013 Ensino e Investiga\u00e7\u00e3o e Administra\u00e7\u00e3o, S.A.) Is a private higher education institution [&hellip;]<\/p>\n","protected":false},"author":1,"featured_media":0,"parent":0,"menu_order":0,"comment_status":"closed","ping_status":"closed","template":"","meta":{"_monsterinsights_skip_tracking":false,"_monsterinsights_sitenote_active":false,"_monsterinsights_sitenote_note":"","_monsterinsights_sitenote_category":0,"site-sidebar-layout":"no-sidebar","site-content-layout":"","ast-site-content-layout":"full-width-container","site-content-style":"default","site-sidebar-style":"default","ast-global-header-display":"","ast-banner-title-visibility":"","ast-main-header-display":"","ast-hfb-above-header-display":"","ast-hfb-below-header-display":"","ast-hfb-mobile-header-display":"","site-post-title":"disabled","ast-breadcrumbs-content":"","ast-featured-img":"disabled","footer-sml-layout":"","theme-transparent-header-meta":"","adv-header-id-meta":"","stick-header-meta":"","header-above-stick-meta":"","header-main-stick-meta":"","header-below-stick-meta":"","astra-migrate-meta-layouts":"default","ast-page-background-enabled":"default","ast-page-background-meta":{"desktop":{"background-color":"var(--ast-global-color-4)","background-image":"","background-repeat":"repeat","background-position":"center center","background-size":"auto","background-attachment":"scroll","background-type":"","background-media":"","overlay-type":"","overlay-color":"","overlay-opacity":"","overlay-gradient":""},"tablet":{"background-color":"","background-image":"","background-repeat":"repeat","background-position":"center center","background-size":"auto","background-attachment":"scroll","background-type":"","background-media":"","overlay-type":"","overlay-color":"","overlay-opacity":"","overlay-gradient":""},"mobile":{"background-color":"","background-image":"","background-repeat":"repeat","background-position":"center center","background-size":"auto","background-attachment":"scroll","background-type":"","background-media":"","overlay-type":"","overlay-color":"","overlay-opacity":"","overlay-gradient":""}},"ast-content-background-meta":{"desktop":{"background-color":"var(--ast-global-color-5)","background-image":"","background-repeat":"repeat","background-position":"center center","background-size":"auto","background-attachment":"scroll","background-type":"","background-media":"","overlay-type":"","overlay-color":"","overlay-opacity":"","overlay-gradient":""},"tablet":{"background-color":"var(--ast-global-color-5)","background-image":"","background-repeat":"repeat","background-position":"center center","background-size":"auto","background-attachment":"scroll","background-type":"","background-media":"","overlay-type":"","overlay-color":"","overlay-opacity":"","overlay-gradient":""},"mobile":{"background-color":"var(--ast-global-color-5)","background-image":"","background-repeat":"repeat","background-position":"center center","background-size":"auto","background-attachment":"scroll","background-type":"","background-media":"","overlay-type":"","overlay-color":"","overlay-opacity":"","overlay-gradient":""}},"slim_seo":[],"footnotes":""},"aioseo_notices":[],"_links":{"self":[{"href":"https:\/\/switchinvirtual.com\/index.php\/wp-json\/wp\/v2\/pages\/21"}],"collection":[{"href":"https:\/\/switchinvirtual.com\/index.php\/wp-json\/wp\/v2\/pages"}],"about":[{"href":"https:\/\/switchinvirtual.com\/index.php\/wp-json\/wp\/v2\/types\/page"}],"author":[{"embeddable":true,"href":"https:\/\/switchinvirtual.com\/index.php\/wp-json\/wp\/v2\/users\/1"}],"replies":[{"embeddable":true,"href":"https:\/\/switchinvirtual.com\/index.php\/wp-json\/wp\/v2\/comments?post=21"}],"version-history":[{"count":95,"href":"https:\/\/switchinvirtual.com\/index.php\/wp-json\/wp\/v2\/pages\/21\/revisions"}],"predecessor-version":[{"id":320,"href":"https:\/\/switchinvirtual.com\/index.php\/wp-json\/wp\/v2\/pages\/21\/revisions\/320"}],"wp:attachment":[{"href":"https:\/\/switchinvirtual.com\/index.php\/wp-json\/wp\/v2\/media?parent=21"}],"curies":[{"name":"wp","href":"https:\/\/api.w.org\/{rel}","templated":true}]}}